{"id":25,"date":"2021-08-02T22:29:37","date_gmt":"2021-08-02T22:29:37","guid":{"rendered":"https:\/\/kinternet.mx\/?page_id=25"},"modified":"2021-08-23T20:05:10","modified_gmt":"2021-08-23T20:05:10","slug":"soluciones","status":"publish","type":"page","link":"https:\/\/kinternet.mx\/index.php\/soluciones\/","title":{"rendered":"Proyectos, Asesor\u00eda en redes y opciones en telecomunicaciones."},"content":{"rendered":"\n<div class=\"wp-block-cover alignfull has-nv-site-bg-background-color has-background-dim\" style=\"min-height:300px;aspect-ratio:unset;\"><div class=\"wp-block-cover__inner-container is-layout-flow wp-block-cover-is-layout-flow\">\n<div class=\"wp-block-group\"><div class=\"wp-block-group__inner-container is-layout-flow wp-block-group-is-layout-flow\">\n<h1 class=\"has-text-align-left has-neve-text-color-color has-text-color wp-block-heading\">Damos Soluci\u00f3n a tus problemas de Internet<\/h1>\n<\/div><\/div>\n<\/div><\/div>\n\n\n\n<div class=\"wp-block-cover alignfull has-nv-light-bg-background-color has-background-dim\" style=\"min-height:100vh;aspect-ratio:unset;\"><div class=\"wp-block-cover__inner-container is-layout-flow wp-block-cover-is-layout-flow\">\n<div class=\"wp-block-group\"><div class=\"wp-block-group__inner-container is-layout-flow wp-block-group-is-layout-flow\">\n<div style=\"height:80px\" aria-hidden=\"true\" class=\"wp-block-spacer\"><\/div>\n\n\n\n<div style=\"height:40px\" aria-hidden=\"true\" class=\"wp-block-spacer\"><\/div>\n<\/div><\/div>\n\n\n\n<div class=\"wp-block-columns is-layout-flex wp-container-core-columns-is-layout-9d6595d7 wp-block-columns-is-layout-flex\">\n<div class=\"wp-block-column is-layout-flow wp-block-column-is-layout-flow\">\n<figure class=\"wp-block-image size-full\"><img loading=\"lazy\" decoding=\"async\" width=\"472\" height=\"474\" src=\"https:\/\/kinternet.mx\/wp-content\/uploads\/2021\/08\/K-internet-logo-15.png\" alt=\"\" class=\"wp-image-81\" srcset=\"https:\/\/kinternet.mx\/wp-content\/uploads\/2021\/08\/K-internet-logo-15.png 472w, https:\/\/kinternet.mx\/wp-content\/uploads\/2021\/08\/K-internet-logo-15-300x300.png 300w, https:\/\/kinternet.mx\/wp-content\/uploads\/2021\/08\/K-internet-logo-15-150x150.png 150w\" sizes=\"auto, (max-width: 472px) 100vw, 472px\" \/><\/figure>\n<\/div>\n\n\n\n<div class=\"wp-block-column is-layout-flow wp-block-column-is-layout-flow\">\n<h2 class=\"wp-block-heading\"><strong><span class=\"has-inline-color has-nv-dark-bg-color\">Soluciones de Conexi\u00f3n<\/span><\/strong><\/h2>\n\n\n\n<p><span class=\"has-inline-color has-neve-link-color-color\">K Internet, desarrolla d\u00eda a d\u00eda, de la mano de sus clientes, soluciones a sus necesidades particulares de comunicaci\u00f3n, ya sea interna o externa, desde una red de telefon\u00eda interna en oficinas, hasta una plataforma que controle procesos productivos, administrativos, de control, de supervisi\u00f3n y de seguridad operativa en las empresas; desde un servicio de internet en un parque industrial, hasta un servicio de internet en la zona m\u00e1s rec\u00f3ndita del desierto de Mexicali para una industria agr\u00edcola urgida de comunicaci\u00f3n estable-sim\u00e9trico con un ancho de banda robusto.<\/span><\/p>\n<\/div>\n<\/div>\n<\/div><\/div>\n\n\n\n<div class=\"wp-block-cover alignfull has-nv-dark-bg-background-color has-background-dim\" style=\"min-height:300px;aspect-ratio:unset;\"><div class=\"wp-block-cover__inner-container is-layout-flow wp-block-cover-is-layout-flow\">\n<div style=\"height:80px\" aria-hidden=\"true\" class=\"wp-block-spacer\"><\/div>\n\n\n\n<div class=\"wp-block-image is-style-rounded\"><figure class=\"aligncenter is-resized\"><img loading=\"lazy\" decoding=\"async\" src=\"https:\/\/kinternet.mx\/wp-content\/themes\/neve\/assets\/img\/starter-content\/team-03.jpg\" alt=\"\" width=\"80\" height=\"80\"\/><\/figure><\/div>\n\n\n\n<p class=\"has-text-align-center has-nv-text-dark-bg-color has-text-color\">\u201cBrindan un servicio extra, no es \u00fanicamente ir a instalar, es realmente, solucionar los problemas de conexi\u00f3n en un nivel muy profesional\u201d<\/p>\n\n\n\n<p class=\"has-text-align-center has-nv-text-dark-bg-color has-text-color\" style=\"font-size:14px\">JANET MORRIS<\/p>\n\n\n\n<div style=\"height:80px\" aria-hidden=\"true\" class=\"wp-block-spacer\"><\/div>\n<\/div><\/div>\n","protected":false},"excerpt":{"rendered":"","protected":false},"author":1,"featured_media":0,"parent":0,"menu_order":0,"comment_status":"closed","ping_status":"closed","template":"","meta":{"neve_meta_sidebar":"","neve_meta_container":"","neve_meta_enable_content_width":"on","neve_meta_content_width":100,"neve_meta_title_alignment":"","neve_meta_author_avatar":"","neve_post_elements_order":"","neve_meta_disable_header":"","neve_meta_disable_footer":"","neve_meta_disable_title":"on","footnotes":""},"class_list":["post-25","page","type-page","status-publish","hentry"],"_links":{"self":[{"href":"https:\/\/kinternet.mx\/index.php\/wp-json\/wp\/v2\/pages\/25","targetHints":{"allow":["GET"]}}],"collection":[{"href":"https:\/\/kinternet.mx\/index.php\/wp-json\/wp\/v2\/pages"}],"about":[{"href":"https:\/\/kinternet.mx\/index.php\/wp-json\/wp\/v2\/types\/page"}],"author":[{"embeddable":true,"href":"https:\/\/kinternet.mx\/index.php\/wp-json\/wp\/v2\/users\/1"}],"replies":[{"embeddable":true,"href":"https:\/\/kinternet.mx\/index.php\/wp-json\/wp\/v2\/comments?post=25"}],"version-history":[{"count":11,"href":"https:\/\/kinternet.mx\/index.php\/wp-json\/wp\/v2\/pages\/25\/revisions"}],"predecessor-version":[{"id":170,"href":"https:\/\/kinternet.mx\/index.php\/wp-json\/wp\/v2\/pages\/25\/revisions\/170"}],"wp:attachment":[{"href":"https:\/\/kinternet.mx\/index.php\/wp-json\/wp\/v2\/media?parent=25"}],"curies":[{"name":"wp","href":"https:\/\/api.w.org\/{rel}","templated":true}]}}