{"id":22,"date":"2021-08-02T22:29:37","date_gmt":"2021-08-02T22:29:37","guid":{"rendered":"https:\/\/kinternet.mx\/?page_id=22"},"modified":"2021-09-24T21:42:02","modified_gmt":"2021-09-24T21:42:02","slug":"home","status":"publish","type":"page","link":"https:\/\/kinternet.mx\/","title":{"rendered":"Home"},"content":{"rendered":"\n<div class=\"wp-block-cover alignfull has-nv-site-bg-background-color has-background-dim has-parallax\" style=\"background-image:url(https:\/\/kinternet.mx\/wp-content\/uploads\/2021\/08\/K-internet-logo-06.png);min-height:701px;aspect-ratio:unset;\"><div class=\"wp-block-cover__inner-container is-layout-flow wp-block-cover-is-layout-flow\">\n<div class=\"wp-block-image\"><figure class=\"aligncenter size-full is-resized\"><img loading=\"lazy\" decoding=\"async\" src=\"https:\/\/kinternet.mx\/wp-content\/uploads\/2021\/08\/logo-web-05-05.png\" alt=\"\" class=\"wp-image-41\" width=\"580\" height=\"222\" srcset=\"https:\/\/kinternet.mx\/wp-content\/uploads\/2021\/08\/logo-web-05-05.png 647w, https:\/\/kinternet.mx\/wp-content\/uploads\/2021\/08\/logo-web-05-05-300x115.png 300w\" sizes=\"auto, (max-width: 580px) 100vw, 580px\" \/><\/figure><\/div>\n\n\n\n<h1 class=\"has-text-align-center has-text-color wp-block-heading\" style=\"color:#121212\"><\/h1>\n\n\n\n<p class=\"has-text-align-center has-text-color\" style=\"color:#121212;font-size:17px\"><\/p>\n\n\n\n<div class=\"wp-block-buttons is-content-justification-center is-layout-flex wp-block-buttons-is-layout-flex\">\n<div class=\"wp-block-button is-style-primary\"><a class=\"wp-block-button__link has-nv-site-bg-color has-text-color has-background\" href=\"#ventajas\" style=\"background-color:#ff6600\">Conoce m\u00e1s<\/a><\/div>\n\n\n\n<div class=\"wp-block-button is-style-secondary\"><a class=\"wp-block-button__link\" href=\"https:\/\/kinternet.mx\/index.php\/contacto\/\">Contr\u00e1tanos<\/a><\/div>\n<\/div>\n\n\n\n<p><\/p>\n<\/div><\/div>\n\n\n\n<div style=\"height:138px\" aria-hidden=\"true\" id=\"ventajas\" class=\"wp-block-spacer\"><\/div>\n\n\n\n<div class=\"wp-block-columns is-layout-flex wp-container-core-columns-is-layout-9d6595d7 wp-block-columns-is-layout-flex\">\n<div class=\"wp-block-column is-layout-flow wp-block-column-is-layout-flow\">\n<div class=\"wp-block-image icon-style is-style-default\"><figure class=\"aligncenter size-full\"><img loading=\"lazy\" decoding=\"async\" width=\"83\" height=\"82\" src=\"https:\/\/kinternet.mx\/wp-content\/uploads\/2021\/08\/K-internet-logo-07-1.png\" alt=\"\" class=\"wp-image-51\"\/><\/figure><\/div>\n\n\n\n<h3 class=\"has-text-align-center has-neve-text-color-color has-text-color wp-block-heading\">Regional<\/h3>\n\n\n\n<p class=\"has-text-align-center\">Empreas nacida en la hermosa BajaCalifornia, creada para brindar un servicio extra a los bajacalifornianos.<\/p>\n\n\n\n<div style=\"height:20px\" aria-hidden=\"true\" class=\"wp-block-spacer\"><\/div>\n<\/div>\n\n\n\n<div class=\"wp-block-column is-layout-flow wp-block-column-is-layout-flow\">\n<div class=\"wp-block-image icon-style is-style-default\"><figure class=\"aligncenter size-full\"><img loading=\"lazy\" decoding=\"async\" width=\"60\" height=\"82\" src=\"https:\/\/kinternet.mx\/wp-content\/uploads\/2021\/08\/K-internet-logo-08-1.png\" alt=\"\" class=\"wp-image-52\"\/><\/figure><\/div>\n\n\n\n<h3 class=\"has-text-align-center has-neve-text-color-color has-text-color wp-block-heading\">Cobertura<\/h3>\n\n\n\n<p class=\"has-text-align-center\">Tenemos cobertura en la ciudad de Mexicali y su Valle, La Rumorosa y Tecate.<\/p>\n\n\n\n<div style=\"height:20px\" aria-hidden=\"true\" class=\"wp-block-spacer\"><\/div>\n<\/div>\n\n\n\n<div class=\"wp-block-column is-layout-flow wp-block-column-is-layout-flow\">\n<div class=\"wp-block-image icon-style is-style-default\"><figure class=\"aligncenter size-full\"><img loading=\"lazy\" decoding=\"async\" width=\"81\" height=\"81\" src=\"https:\/\/kinternet.mx\/wp-content\/uploads\/2021\/08\/K-internet-logo-09-1.png\" alt=\"\" class=\"wp-image-53\"\/><\/figure><\/div>\n\n\n\n<h3 class=\"has-text-align-center has-neve-text-color-color has-text-color wp-block-heading\">Servicio T\u00e9cnico<\/h3>\n\n\n\n<p class=\"has-text-align-center\">Servicio t\u00e9cnico las 24 horas del d\u00eda, los 7 d\u00edas de la semana.<\/p>\n\n\n\n<div style=\"height:20px\" aria-hidden=\"true\" class=\"wp-block-spacer\"><\/div>\n<\/div>\n<\/div>\n\n\n\n<div style=\"height:80px\" aria-hidden=\"true\" class=\"wp-block-spacer\"><\/div>\n\n\n\n<div class=\"wp-block-cover alignfull has-nv-light-bg-background-color has-background-dim\" style=\"min-height:600px;aspect-ratio:unset;\"><div class=\"wp-block-cover__inner-container is-layout-flow wp-block-cover-is-layout-flow\">\n<div class=\"wp-block-group\"><div class=\"wp-block-group__inner-container is-layout-flow wp-block-group-is-layout-flow\">\n<div style=\"height:80px\" aria-hidden=\"true\" class=\"wp-block-spacer\"><\/div>\n\n\n\n<div class=\"wp-block-columns are-vertically-aligned-center is-layout-flex wp-container-core-columns-is-layout-9d6595d7 wp-block-columns-is-layout-flex\">\n<div class=\"wp-block-column is-vertically-aligned-center is-layout-flow wp-block-column-is-layout-flow\" style=\"flex-basis:50%\">\n<figure class=\"wp-block-image size-full\"><img loading=\"lazy\" decoding=\"async\" width=\"472\" height=\"477\" src=\"https:\/\/kinternet.mx\/wp-content\/uploads\/2021\/08\/K-internet-logo-10.png\" alt=\"\" class=\"wp-image-55\" srcset=\"https:\/\/kinternet.mx\/wp-content\/uploads\/2021\/08\/K-internet-logo-10.png 472w, https:\/\/kinternet.mx\/wp-content\/uploads\/2021\/08\/K-internet-logo-10-297x300.png 297w\" sizes=\"auto, (max-width: 472px) 100vw, 472px\" \/><\/figure>\n<\/div>\n\n\n\n<div class=\"wp-block-column is-vertically-aligned-center is-layout-flow wp-block-column-is-layout-flow\" style=\"flex-basis:50%\">\n<div style=\"height:20px\" aria-hidden=\"true\" class=\"wp-block-spacer\"><\/div>\n\n\n\n<h2 class=\"has-text-align-left has-neve-text-color-color has-text-color wp-block-heading\">Soluciones Empresariales<\/h2>\n\n\n\n<p class=\"has-text-align-left has-neve-text-color-color has-text-color\" style=\"font-size:17px\">K internet desarrolla d\u00eda a d\u00eda, de la mano de sus clientes, soluciones a sus necesidades particulares de comunicaci\u00f3n, ya sea interna o externa, desde una red de telefon\u00eda interna en oficinas, hasta una plataforma que controle procesos productivos, administrativos, de control, de supervisi\u00f3n y de seguridad operativa en las empresas<\/p>\n\n\n\n<div class=\"wp-block-buttons is-content-justification-left is-layout-flex wp-block-buttons-is-layout-flex\">\n<div class=\"wp-block-button is-style-primary\"><a class=\"wp-block-button__link has-nv-site-bg-color has-text-color has-background\" href=\"https:\/\/kinternet.mx\/index.php\/soluciones\/\" style=\"background-color:#ff6600\">Conoce m\u00e1s<\/a><\/div>\n<\/div>\n<\/div>\n<\/div>\n\n\n\n<div style=\"height:40px\" aria-hidden=\"true\" class=\"wp-block-spacer\"><\/div>\n<\/div><\/div>\n<\/div><\/div>\n\n\n\n<div class=\"wp-block-cover alignfull has-nv-site-bg-background-color has-background-dim\" style=\"min-height:600px;aspect-ratio:unset;\"><div class=\"wp-block-cover__inner-container is-layout-flow wp-block-cover-is-layout-flow\">\n<div class=\"wp-block-group\"><div class=\"wp-block-group__inner-container is-layout-flow wp-block-group-is-layout-flow\">\n<div style=\"height:80px\" aria-hidden=\"true\" class=\"wp-block-spacer\"><\/div>\n\n\n\n<div class=\"wp-block-columns are-vertically-aligned-center is-layout-flex wp-container-core-columns-is-layout-9d6595d7 wp-block-columns-is-layout-flex\">\n<div class=\"wp-block-column is-vertically-aligned-center is-layout-flow wp-block-column-is-layout-flow\" style=\"flex-basis:50%\">\n<h2 class=\"has-text-align-left has-neve-text-color-color has-text-color wp-block-heading\">Internet Sim\u00e9trico<\/h2>\n\n\n\n<p class=\"has-text-align-left has-neve-text-color-color has-text-color\" style=\"font-size:17px\">Obt\u00e9n la misma velocidad de carga y descarga con la red m\u00e1s confiable y segura del mercado. Internet Sim\u00e9trico<\/p>\n\n\n\n<div class=\"wp-block-buttons is-content-justification-left is-layout-flex wp-block-buttons-is-layout-flex\">\n<div class=\"wp-block-button is-style-primary\"><a class=\"wp-block-button__link has-nv-site-bg-color has-text-color has-background\" href=\"#\" style=\"background-color:#ff6600\">Conoce m\u00e1s<\/a><\/div>\n<\/div>\n\n\n\n<div style=\"height:40px\" aria-hidden=\"true\" class=\"wp-block-spacer\"><\/div>\n<\/div>\n\n\n\n<div class=\"wp-block-column is-vertically-aligned-center is-layout-flow wp-block-column-is-layout-flow\" style=\"flex-basis:50%\">\n<figure class=\"wp-block-image size-full\"><img loading=\"lazy\" decoding=\"async\" width=\"472\" height=\"477\" src=\"https:\/\/kinternet.mx\/wp-content\/uploads\/2021\/08\/K-internet-logo-11.png\" alt=\"\" class=\"wp-image-57\" srcset=\"https:\/\/kinternet.mx\/wp-content\/uploads\/2021\/08\/K-internet-logo-11.png 472w, https:\/\/kinternet.mx\/wp-content\/uploads\/2021\/08\/K-internet-logo-11-297x300.png 297w\" sizes=\"auto, (max-width: 472px) 100vw, 472px\" \/><\/figure>\n<\/div>\n<\/div>\n\n\n\n<div style=\"height:40px\" aria-hidden=\"true\" class=\"wp-block-spacer\"><\/div>\n<\/div><\/div>\n<\/div><\/div>\n\n\n\n<div class=\"wp-block-cover alignfull has-background-dim\" style=\"background-color:#ff6600;min-height:600px;aspect-ratio:unset;\"><div class=\"wp-block-cover__inner-container is-layout-flow wp-block-cover-is-layout-flow\">\n<div class=\"wp-block-group\"><div class=\"wp-block-group__inner-container is-layout-flow wp-block-group-is-layout-flow\">\n<div style=\"height:80px\" aria-hidden=\"true\" class=\"wp-block-spacer\"><\/div>\n\n\n\n<div class=\"wp-block-columns are-vertically-aligned-center is-layout-flex wp-container-core-columns-is-layout-9d6595d7 wp-block-columns-is-layout-flex\">\n<div class=\"wp-block-column is-vertically-aligned-center is-layout-flow wp-block-column-is-layout-flow\" style=\"flex-basis:50%\">\n<figure class=\"wp-block-image size-full\"><img loading=\"lazy\" decoding=\"async\" width=\"472\" height=\"477\" src=\"https:\/\/kinternet.mx\/wp-content\/uploads\/2021\/08\/K-internet-logo-12.png\" alt=\"\" class=\"wp-image-60\" srcset=\"https:\/\/kinternet.mx\/wp-content\/uploads\/2021\/08\/K-internet-logo-12.png 472w, https:\/\/kinternet.mx\/wp-content\/uploads\/2021\/08\/K-internet-logo-12-297x300.png 297w\" sizes=\"auto, (max-width: 472px) 100vw, 472px\" \/><\/figure>\n<\/div>\n\n\n\n<div class=\"wp-block-column is-vertically-aligned-center is-layout-flow wp-block-column-is-layout-flow\" style=\"flex-basis:50%\">\n<div style=\"height:40px\" aria-hidden=\"true\" class=\"wp-block-spacer\"><\/div>\n\n\n\n<h2 class=\"has-text-align-left has-nv-text-dark-bg-color has-text-color wp-block-heading\">Tu contrato siempre ser\u00e1 Libre<\/h2>\n\n\n\n<p class=\"has-text-align-left has-nv-text-dark-bg-color has-text-color\" style=\"font-size:17px\">Nuestro contrato siempre ser\u00e1 libre de ataduras y penalizaciones en caso de alguna cancelaci\u00f3n.<\/p>\n\n\n\n<div class=\"wp-block-buttons is-content-justification-left is-layout-flex wp-block-buttons-is-layout-flex\">\n<div class=\"wp-block-button is-style-primary\"><a class=\"wp-block-button__link has-nv-site-bg-color has-neve-text-color-background-color has-text-color has-background\" href=\"#\">Conoce m\u00e1s<\/a><\/div>\n<\/div>\n<\/div>\n<\/div>\n\n\n\n<div style=\"height:40px\" aria-hidden=\"true\" class=\"wp-block-spacer\"><\/div>\n<\/div><\/div>\n<\/div><\/div>\n\n\n\n<div class=\"wp-block-cover alignfull has-background-dim-90 has-neve-link-color-background-color has-background-dim\" style=\"min-height:1024px;aspect-ratio:unset;\"><img loading=\"lazy\" decoding=\"async\" width=\"1424\" height=\"802\" class=\"wp-block-cover__image-background wp-image-61\" alt=\"\" src=\"https:\/\/kinternet.mx\/wp-content\/uploads\/2021\/08\/footer-k-internet-13.png\" style=\"object-position:51% 96%\" data-object-fit=\"cover\" data-object-position=\"51% 96%\" srcset=\"https:\/\/kinternet.mx\/wp-content\/uploads\/2021\/08\/footer-k-internet-13.png 1424w, https:\/\/kinternet.mx\/wp-content\/uploads\/2021\/08\/footer-k-internet-13-300x169.png 300w, https:\/\/kinternet.mx\/wp-content\/uploads\/2021\/08\/footer-k-internet-13-1024x577.png 1024w, https:\/\/kinternet.mx\/wp-content\/uploads\/2021\/08\/footer-k-internet-13-768x433.png 768w\" sizes=\"auto, (max-width: 1424px) 100vw, 1424px\" \/><div class=\"wp-block-cover__inner-container is-layout-flow wp-block-cover-is-layout-flow\">\n<div class=\"wp-block-image\"><figure class=\"aligncenter size-full is-resized\"><img loading=\"lazy\" decoding=\"async\" src=\"https:\/\/kinternet.mx\/wp-content\/uploads\/2021\/08\/logo-web-blanco-14.png\" alt=\"\" class=\"wp-image-68\" width=\"541\" height=\"207\" srcset=\"https:\/\/kinternet.mx\/wp-content\/uploads\/2021\/08\/logo-web-blanco-14.png 647w, https:\/\/kinternet.mx\/wp-content\/uploads\/2021\/08\/logo-web-blanco-14-300x115.png 300w\" sizes=\"auto, (max-width: 541px) 100vw, 541px\" \/><\/figure><\/div>\n\n\n\n<h2 class=\"has-text-align-center has-nv-text-dark-bg-color has-text-color wp-block-heading\">\u00danete a la nueva Red<\/h2>\n\n\n\n<p class=\"has-text-align-center has-medium-font-size\">Vive la experiencia de una conexi\u00f3n completamente bajacaliforniana.<\/p>\n\n\n\n<div class=\"wp-block-buttons is-content-justification-center is-layout-flex wp-block-buttons-is-layout-flex\">\n<div class=\"wp-block-button is-style-primary\"><a class=\"wp-block-button__link has-nv-site-bg-color has-text-color has-background\" href=\"https:\/\/kinternet.mx\/index.php\/contacto\/\" style=\"background-color:#ff6600\">Contrata ya<\/a><\/div>\n<\/div>\n\n\n\n<p><strong><span style=\"color:#ff6600\" class=\"has-inline-color\">Tarifas registradas ante IFT<\/span><\/strong><\/p>\n\n\n\n<p class=\"has-nv-text-dark-bg-color has-text-color\"><a href=\"https:\/\/kinternet.mx\/index.php\/aviso-de-privadad\/\" data-type=\"URL\" data-id=\"https:\/\/kinternet.mx\/index.php\/aviso-de-privadad\/\" target=\"_blank\" rel=\"noreferrer noopener\"><span class=\"has-inline-color has-nv-site-bg-color\">Aviso de Privacidad<\/span><\/a><\/p>\n\n\n\n<p>Contrato y T\u00e9rminos<\/p>\n\n\n\n<p><a href=\"https:\/\/kinternet.mx\/index.php\/derechos-minimos-de-los-usuarios-de-k-internet\/\" data-type=\"URL\" data-id=\"https:\/\/kinternet.mx\/index.php\/derechos-minimos-de-los-usuarios-de-k-internet\/\" target=\"_blank\" rel=\"noreferrer noopener\"><span class=\"has-inline-color has-nv-text-dark-bg-color\">Derechos M\u00ednimos del Usuario<\/span><\/a><\/p>\n\n\n\n<p><a href=\"https:\/\/kinternet.mx\/index.php\/codigo-de-practicas-comerciales\/\" data-type=\"URL\" data-id=\"https:\/\/kinternet.mx\/index.php\/codigo-de-practicas-comerciales\/\" target=\"_blank\" rel=\"noreferrer noopener\"><span class=\"has-inline-color has-nv-text-dark-bg-color\">C\u00f3digo de pr\u00e1cticas de S. Profeco<\/span><\/a><\/p>\n\n\n\n<p>T\u00edtulo de Actualizaci\u00f3n<\/p>\n\n\n\n<p><strong><span style=\"color:#ff6600\" class=\"has-inline-color\">Contacto para autoridades Gubernamentales<br><\/span><\/strong>seguridad@kinternet.mx<\/p>\n<\/div><\/div>\n\n\n\n<div class=\"wp-block-columns is-layout-flex wp-container-core-columns-is-layout-9d6595d7 wp-block-columns-is-layout-flex\">\n<div class=\"wp-block-column is-layout-flow wp-block-column-is-layout-flow\" style=\"flex-basis:25%\"><\/div>\n\n\n\n<div class=\"wp-block-column is-layout-flow wp-block-column-is-layout-flow\" style=\"flex-basis:50%\"><\/div>\n\n\n\n<div class=\"wp-block-column is-layout-flow wp-block-column-is-layout-flow\" style=\"flex-basis:25%\">\n<div class=\"wp-block-image\"><figure class=\"alignright size-large is-resized\"><img loading=\"lazy\" decoding=\"async\" src=\"https:\/\/kinternet.mx\/wp-content\/uploads\/2021\/09\/iman_2-1024x774.jpg\" alt=\"\" class=\"wp-image-176\" width=\"106\" height=\"79\" srcset=\"https:\/\/kinternet.mx\/wp-content\/uploads\/2021\/09\/iman_2-1024x774.jpg 1024w, https:\/\/kinternet.mx\/wp-content\/uploads\/2021\/09\/iman_2-300x227.jpg 300w, https:\/\/kinternet.mx\/wp-content\/uploads\/2021\/09\/iman_2-768x580.jpg 768w, https:\/\/kinternet.mx\/wp-content\/uploads\/2021\/09\/iman_2-1536x1161.jpg 1536w, https:\/\/kinternet.mx\/wp-content\/uploads\/2021\/09\/iman_2.jpg 1612w\" sizes=\"auto, (max-width: 106px) 100vw, 106px\" \/><\/figure><\/div>\n<\/div>\n<\/div>\n","protected":false},"excerpt":{"rendered":"<p>Regional Empreas nacida en la hermosa BajaCalifornia, creada para brindar un servicio extra a los bajacalifornianos. Cobertura Tenemos cobertura en la ciudad de Mexicali y su Valle, La Rumorosa y Tecate. Servicio T\u00e9cnico Servicio t\u00e9cnico las 24 horas del d\u00eda, los 7 d\u00edas de la semana.<\/p>\n","protected":false},"author":1,"featured_media":0,"parent":0,"menu_order":0,"comment_status":"closed","ping_status":"closed","template":"","meta":{"neve_meta_sidebar":"","neve_meta_container":"","neve_meta_enable_content_width":"on","neve_meta_content_width":100,"neve_meta_title_alignment":"","neve_meta_author_avatar":"","neve_post_elements_order":"","neve_meta_disable_header":"","neve_meta_disable_footer":"","neve_meta_disable_title":"on","footnotes":""},"class_list":["post-22","page","type-page","status-publish","hentry"],"_links":{"self":[{"href":"https:\/\/kinternet.mx\/index.php\/wp-json\/wp\/v2\/pages\/22","targetHints":{"allow":["GET"]}}],"collection":[{"href":"https:\/\/kinternet.mx\/index.php\/wp-json\/wp\/v2\/pages"}],"about":[{"href":"https:\/\/kinternet.mx\/index.php\/wp-json\/wp\/v2\/types\/page"}],"author":[{"embeddable":true,"href":"https:\/\/kinternet.mx\/index.php\/wp-json\/wp\/v2\/users\/1"}],"replies":[{"embeddable":true,"href":"https:\/\/kinternet.mx\/index.php\/wp-json\/wp\/v2\/comments?post=22"}],"version-history":[{"count":36,"href":"https:\/\/kinternet.mx\/index.php\/wp-json\/wp\/v2\/pages\/22\/revisions"}],"predecessor-version":[{"id":177,"href":"https:\/\/kinternet.mx\/index.php\/wp-json\/wp\/v2\/pages\/22\/revisions\/177"}],"wp:attachment":[{"href":"https:\/\/kinternet.mx\/index.php\/wp-json\/wp\/v2\/media?parent=22"}],"curies":[{"name":"wp","href":"https:\/\/api.w.org\/{rel}","templated":true}]}}