{"id":163,"date":"2021-08-23T19:56:44","date_gmt":"2021-08-23T19:56:44","guid":{"rendered":"https:\/\/kinternet.mx\/?page_id=163"},"modified":"2021-08-23T19:56:45","modified_gmt":"2021-08-23T19:56:45","slug":"codigo-de-practicas-comerciales","status":"publish","type":"page","link":"https:\/\/kinternet.mx\/index.php\/codigo-de-practicas-comerciales\/","title":{"rendered":"C\u00f3digo de pr\u00e1cticas comerciales"},"content":{"rendered":"\n<h1 class=\"wp-block-heading\"><\/h1>\n\n\n\n<h1 class=\"wp-block-heading\"><\/h1>\n\n\n\n<ol class=\"wp-block-list\" type=\"1\"><li><strong>Objetivo<\/strong><\/li><\/ol>\n\n\n\n<p>El presente c\u00f3digo tiene como objetivo presentar las pol\u00edticas y procedimientos aplicados al t\u00edtulo de concesi\u00f3n \u00fanica para uso comercial para prestar servicios de telecomunicaciones y radiodifusi\u00f3n otorgado por el instituto federal de telecomunicaciones, a favor de <em>K Internet, S. de R.L. de C.V.<\/em> (en adelante \u201c<strong>k Internet<\/strong>\u201d)<\/p>\n\n\n\n<p>Este c\u00f3digo de pr\u00e1cticas comerciales estar\u00e1 a disposici\u00f3n de los clientes de K Internet en el sitio de internet <a href=\"http:\/\/www.kinternet.mx\">www.kinternet.mx<\/a> <a><\/a>y en las oficinas ubicadas en Calzada independencia n\u00famero 2080 (Mezanine) fraccionamiento Calafia C.P 21040 Mexicali B.C.<\/p>\n\n\n\n<ol class=\"wp-block-list\" type=\"1\" start=\"2\"><li><strong>Misi\u00f3n<\/strong><\/li><\/ol>\n\n\n\n<p>Mejorar la comunicaci\u00f3n y la reducci\u00f3n de la brecha digital. Nos mueve que nuestros clientes innoven en su cadena de valor a trav\u00e9s de internet y las propuestas de servicio que nuestro ingenioso y profesional equipo genera.<\/p>\n\n\n\n<ul class=\"wp-block-list\"><li><strong>Visi\u00f3n<\/strong><\/li><\/ul>\n\n\n\n<p>Nos vemos como una empresa internacional que opera bajo un modelo estandarizado y eficiente. Con un equipo de ingeniosos, comprometidos y profesionales, con clientes satisfechos y leales. Konecta bajo un sentido de responsabilidad social.<\/p>\n\n\n\n<ul class=\"wp-block-list\"><li><strong>Valores<\/strong><\/li><\/ul>\n\n\n\n<p>Honestidad: hablamos con la verdad y actuamos con sentido de responsabilidad social.<\/p>\n\n\n\n<p>Compromiso y Pasi\u00f3n: nos apasiona lo que hacemos y nos comprometemos con el equipo, la empresa, el cliente y la comunidad.<\/p>\n\n\n\n<p>Congruencia: ofrecemos lo que somos capaces de lograr en tiempo y forma cumplimos nuestros acuerdos.<\/p>\n\n\n\n<p>Mejora Contin\u00faa: todos los d\u00edas evaluamos c\u00f3mo mejorar para satisfacer a los clientes.<\/p>\n\n\n\n<p><strong>Mexicali<\/strong><\/p>\n\n\n\n<p>Calzada independencia n\u00famero 2080 Fracc. Calafia Mexicali B.C. M\u00e9xico (686) 838 7534<\/p>\n","protected":false},"excerpt":{"rendered":"<p>Objetivo El presente c\u00f3digo tiene como objetivo presentar las pol\u00edticas y procedimientos aplicados al t\u00edtulo de concesi\u00f3n \u00fanica para uso comercial para prestar servicios de telecomunicaciones y radiodifusi\u00f3n otorgado por el instituto federal de telecomunicaciones, a favor de K Internet, S. de R.L. de C.V. (en adelante \u201ck Internet\u201d) Este c\u00f3digo de pr\u00e1cticas comerciales estar\u00e1&hellip;&nbsp;<a href=\"https:\/\/kinternet.mx\/index.php\/codigo-de-practicas-comerciales\/\" rel=\"bookmark\">Read More &raquo;<span class=\"screen-reader-text\">C\u00f3digo de pr\u00e1cticas comerciales<\/span><\/a><\/p>\n","protected":false},"author":1,"featured_media":0,"parent":0,"menu_order":0,"comment_status":"closed","ping_status":"closed","template":"","meta":{"neve_meta_sidebar":"full-width","neve_meta_container":"","neve_meta_enable_content_width":"on","neve_meta_content_width":100,"neve_meta_title_alignment":"","neve_meta_author_avatar":"","neve_post_elements_order":"","neve_meta_disable_header":"","neve_meta_disable_footer":"","neve_meta_disable_title":"","footnotes":""},"class_list":["post-163","page","type-page","status-publish","hentry"],"_links":{"self":[{"href":"https:\/\/kinternet.mx\/index.php\/wp-json\/wp\/v2\/pages\/163","targetHints":{"allow":["GET"]}}],"collection":[{"href":"https:\/\/kinternet.mx\/index.php\/wp-json\/wp\/v2\/pages"}],"about":[{"href":"https:\/\/kinternet.mx\/index.php\/wp-json\/wp\/v2\/types\/page"}],"author":[{"embeddable":true,"href":"https:\/\/kinternet.mx\/index.php\/wp-json\/wp\/v2\/users\/1"}],"replies":[{"embeddable":true,"href":"https:\/\/kinternet.mx\/index.php\/wp-json\/wp\/v2\/comments?post=163"}],"version-history":[{"count":1,"href":"https:\/\/kinternet.mx\/index.php\/wp-json\/wp\/v2\/pages\/163\/revisions"}],"predecessor-version":[{"id":164,"href":"https:\/\/kinternet.mx\/index.php\/wp-json\/wp\/v2\/pages\/163\/revisions\/164"}],"wp:attachment":[{"href":"https:\/\/kinternet.mx\/index.php\/wp-json\/wp\/v2\/media?parent=163"}],"curies":[{"name":"wp","href":"https:\/\/api.w.org\/{rel}","templated":true}]}}